{"id":23504,"date":"2025-10-06T16:57:24","date_gmt":"2025-10-06T14:57:24","guid":{"rendered":"https:\/\/cotacreativa.es\/espacios-comerciales\/"},"modified":"2026-01-27T11:53:53","modified_gmt":"2026-01-27T10:53:53","slug":"espacios-comerciales","status":"publish","type":"page","link":"https:\/\/cotacreativa.es\/ca\/espacios-comerciales\/","title":{"rendered":"Espais comercials"},"content":{"rendered":"\t\t<div data-elementor-type=\"wp-page\" data-elementor-id=\"23504\" class=\"elementor elementor-23504 elementor-15219\" data-elementor-post-type=\"page\">\n\t\t\t\t<div class=\"elementor-element elementor-element-50c1d33 e-flex e-con-boxed e-con e-parent\" data-id=\"50c1d33\" data-element_type=\"container\" data-settings=\"{&quot;background_background&quot;:&quot;classic&quot;}\">\n\t\t\t\t\t<div class=\"e-con-inner\">\n\t\t\t\t<div class=\"elementor-element elementor-element-3128144 elementor-widget elementor-widget-heading\" data-id=\"3128144\" data-element_type=\"widget\" data-widget_type=\"heading.default\">\n\t\t\t\t<div class=\"elementor-widget-container\">\n\t\t\t\t\t<h3 class=\"elementor-heading-title elementor-size-default\">Espais comercials<\/h3>\t\t\t\t<\/div>\n\t\t\t\t<\/div>\n\t\t\t\t\t<\/div>\n\t\t\t\t<\/div>\n\t\t<div class=\"elementor-element elementor-element-02fc6f5 e-flex e-con-boxed e-con e-parent\" data-id=\"02fc6f5\" data-element_type=\"container\">\n\t\t\t\t\t<div class=\"e-con-inner\">\n\t\t\t\t<div class=\"elementor-element elementor-element-8ea6c11 elementor-widget elementor-widget-text-editor\" data-id=\"8ea6c11\" data-element_type=\"widget\" data-widget_type=\"text-editor.default\">\n\t\t\t\t<div class=\"elementor-widget-container\">\n\t\t\t\t\t\t\t\t\t<p><strong>A Cota Creativa convertim les seves idees en espais reals, \u00fanics i funcionals.<\/strong><span style=\"font-weight: 400;\"><br \/><\/span><span style=\"font-weight: 400;\">El nostre servei integral abasta des de la proposta creativa fins al muntatge final aen fira o punt de venda, amb una atenci\u00f3 cont\u00ednua en cada etapa del projecte. Ens impliquem en totes les fases, incloent-hi les decisions estrat\u00e8giques i de m\u00e0rqueting.<\/span><span style=\"font-weight: 400;\"><br \/><\/span><\/p><p><b>Espais comercials<\/b><span style=\"font-weight: 400;\"><br \/><\/span><span style=\"font-weight: 400;\">Dissenyem i executem espais funcionals i personalitzats per a:<br \/><\/span><\/p>\t\t\t\t\t\t\t\t<\/div>\n\t\t\t\t<\/div>\n\t\t\t\t<div class=\"elementor-element elementor-element-d255316 elementor-icon-list--layout-traditional elementor-list-item-link-full_width elementor-widget elementor-widget-icon-list\" data-id=\"d255316\" data-element_type=\"widget\" data-widget_type=\"icon-list.default\">\n\t\t\t\t<div class=\"elementor-widget-container\">\n\t\t\t\t\t\t\t<ul class=\"elementor-icon-list-items\">\n\t\t\t\t\t\t\t<li class=\"elementor-icon-list-item\">\n\t\t\t\t\t\t\t\t\t\t\t<span class=\"elementor-icon-list-icon\">\n\t\t\t\t\t\t\t<svg aria-hidden=\"true\" class=\"e-font-icon-svg e-fas-check\" viewBox=\"0 0 512 512\" xmlns=\"http:\/\/www.w3.org\/2000\/svg\"><path d=\"M173.898 439.404l-166.4-166.4c-9.997-9.997-9.997-26.206 0-36.204l36.203-36.204c9.997-9.998 26.207-9.998 36.204 0L192 312.69 432.095 72.596c9.997-9.997 26.207-9.997 36.204 0l36.203 36.204c9.997 9.997 9.997 26.206 0 36.204l-294.4 294.401c-9.998 9.997-26.207 9.997-36.204-.001z\"><\/path><\/svg>\t\t\t\t\t\t<\/span>\n\t\t\t\t\t\t\t\t\t\t<span class=\"elementor-icon-list-text\">Punts de venda<\/span>\n\t\t\t\t\t\t\t\t\t<\/li>\n\t\t\t\t\t\t\t\t<li class=\"elementor-icon-list-item\">\n\t\t\t\t\t\t\t\t\t\t\t<span class=\"elementor-icon-list-icon\">\n\t\t\t\t\t\t\t<svg aria-hidden=\"true\" class=\"e-font-icon-svg e-fas-check\" viewBox=\"0 0 512 512\" xmlns=\"http:\/\/www.w3.org\/2000\/svg\"><path d=\"M173.898 439.404l-166.4-166.4c-9.997-9.997-9.997-26.206 0-36.204l36.203-36.204c9.997-9.998 26.207-9.998 36.204 0L192 312.69 432.095 72.596c9.997-9.997 26.207-9.997 36.204 0l36.203 36.204c9.997 9.997 9.997 26.206 0 36.204l-294.4 294.401c-9.998 9.997-26.207 9.997-36.204-.001z\"><\/path><\/svg>\t\t\t\t\t\t<\/span>\n\t\t\t\t\t\t\t\t\t\t<span class=\"elementor-icon-list-text\">Franqu\u00edcies<\/span>\n\t\t\t\t\t\t\t\t\t<\/li>\n\t\t\t\t\t\t\t\t<li class=\"elementor-icon-list-item\">\n\t\t\t\t\t\t\t\t\t\t\t<span class=\"elementor-icon-list-icon\">\n\t\t\t\t\t\t\t<svg aria-hidden=\"true\" class=\"e-font-icon-svg e-fas-check\" viewBox=\"0 0 512 512\" xmlns=\"http:\/\/www.w3.org\/2000\/svg\"><path d=\"M173.898 439.404l-166.4-166.4c-9.997-9.997-9.997-26.206 0-36.204l36.203-36.204c9.997-9.998 26.207-9.998 36.204 0L192 312.69 432.095 72.596c9.997-9.997 26.207-9.997 36.204 0l36.203 36.204c9.997 9.997 9.997 26.206 0 36.204l-294.4 294.401c-9.998 9.997-26.207 9.997-36.204-.001z\"><\/path><\/svg>\t\t\t\t\t\t<\/span>\n\t\t\t\t\t\t\t\t\t\t<span class=\"elementor-icon-list-text\">C\u00f3rners i showrooms<\/span>\n\t\t\t\t\t\t\t\t\t<\/li>\n\t\t\t\t\t\t\t\t<li class=\"elementor-icon-list-item\">\n\t\t\t\t\t\t\t\t\t\t\t<span class=\"elementor-icon-list-icon\">\n\t\t\t\t\t\t\t<svg aria-hidden=\"true\" class=\"e-font-icon-svg e-fas-check\" viewBox=\"0 0 512 512\" xmlns=\"http:\/\/www.w3.org\/2000\/svg\"><path d=\"M173.898 439.404l-166.4-166.4c-9.997-9.997-9.997-26.206 0-36.204l36.203-36.204c9.997-9.998 26.207-9.998 36.204 0L192 312.69 432.095 72.596c9.997-9.997 26.207-9.997 36.204 0l36.203 36.204c9.997 9.997 9.997 26.206 0 36.204l-294.4 294.401c-9.998 9.997-26.207 9.997-36.204-.001z\"><\/path><\/svg>\t\t\t\t\t\t<\/span>\n\t\t\t\t\t\t\t\t\t\t<span class=\"elementor-icon-list-text\">Hotels, cafeteries i restaurants<\/span>\n\t\t\t\t\t\t\t\t\t<\/li>\n\t\t\t\t\t\t<\/ul>\n\t\t\t\t\t\t<\/div>\n\t\t\t\t<\/div>\n\t\t\t\t<div class=\"elementor-element elementor-element-6f3b590 elementor-widget elementor-widget-text-editor\" data-id=\"6f3b590\" data-element_type=\"widget\" data-widget_type=\"text-editor.default\">\n\t\t\t\t<div class=\"elementor-widget-container\">\n\t\t\t\t\t\t\t\t\t<p><strong>Exemples dels nostres espais comercials:<\/strong><\/p>\t\t\t\t\t\t\t\t<\/div>\n\t\t\t\t<\/div>\n\t\t\t\t<div class=\"elementor-element elementor-element-9261dd0 elementor-grid-mobile-2 elementor-grid-2 elementor-grid-tablet-2 elementor-widget elementor-widget-portfolio\" data-id=\"9261dd0\" data-element_type=\"widget\" data-settings=\"{&quot;row_gap&quot;:{&quot;unit&quot;:&quot;px&quot;,&quot;size&quot;:12,&quot;sizes&quot;:[]},&quot;columns_mobile&quot;:&quot;2&quot;,&quot;columns&quot;:&quot;2&quot;,&quot;columns_tablet&quot;:&quot;2&quot;,&quot;item_ratio&quot;:{&quot;unit&quot;:&quot;px&quot;,&quot;size&quot;:0.66,&quot;sizes&quot;:[]},&quot;item_gap&quot;:{&quot;unit&quot;:&quot;px&quot;,&quot;size&quot;:&quot;&quot;,&quot;sizes&quot;:[]}}\" data-widget_type=\"portfolio.default\">\n\t\t\t\t<div class=\"elementor-widget-container\">\n\t\t\t\t\t\t\t<div class=\"elementor-portfolio elementor-grid elementor-posts-container\">\n\t\t\t\t<article class=\"elementor-portfolio-item elementor-post elementor-filter-28 post-23555 portfolio type-portfolio status-publish has-post-thumbnail hentry portfolio-types-stands-comerciales\">\n\t\t\t<a class=\"elementor-post__thumbnail__link\" href=\"https:\/\/cotacreativa.es\/ca\/portfolio-item\/masser-group\/\">\n\t\t\t\t<div class=\"elementor-portfolio-item__img elementor-post__thumbnail\">\n\t\t\t<img fetchpriority=\"high\" decoding=\"async\" width=\"2000\" height=\"1500\" src=\"https:\/\/cotacreativa.es\/wp-content\/uploads\/2025\/11\/Espais-comercials-Show-Room-Maser-Grup-Reus-4.jpg\" class=\"attachment-full size-full wp-image-23298\" alt=\"\" srcset=\"https:\/\/cotacreativa.es\/wp-content\/uploads\/2025\/11\/Espais-comercials-Show-Room-Maser-Grup-Reus-4.jpg 2000w, https:\/\/cotacreativa.es\/wp-content\/uploads\/2025\/11\/Espais-comercials-Show-Room-Maser-Grup-Reus-4-300x225.jpg 300w, https:\/\/cotacreativa.es\/wp-content\/uploads\/2025\/11\/Espais-comercials-Show-Room-Maser-Grup-Reus-4-1024x768.jpg 1024w, https:\/\/cotacreativa.es\/wp-content\/uploads\/2025\/11\/Espais-comercials-Show-Room-Maser-Grup-Reus-4-768x576.jpg 768w, https:\/\/cotacreativa.es\/wp-content\/uploads\/2025\/11\/Espais-comercials-Show-Room-Maser-Grup-Reus-4-1536x1152.jpg 1536w, https:\/\/cotacreativa.es\/wp-content\/uploads\/2025\/11\/Espais-comercials-Show-Room-Maser-Grup-Reus-4-600x450.jpg 600w\" sizes=\"(max-width: 2000px) 100vw, 2000px\" \/>\t\t<\/div>\n\t\t\t\t<div class=\"elementor-portfolio-item__overlay\">\n\t\t\t\t<h3 class=\"elementor-portfolio-item__title\">\n\t\tMasser Group\t\t<\/h3>\n\t\t\t\t<\/div>\n\t\t\t\t<\/a>\n\t\t<\/article>\n\t\t\t\t<article class=\"elementor-portfolio-item elementor-post elementor-filter-28 post-23559 portfolio type-portfolio status-publish has-post-thumbnail hentry portfolio-types-stands-comerciales\">\n\t\t\t<a class=\"elementor-post__thumbnail__link\" href=\"https:\/\/cotacreativa.es\/ca\/portfolio-item\/boehlerit-vilassar-de-dal\/\">\n\t\t\t\t<div class=\"elementor-portfolio-item__img elementor-post__thumbnail\">\n\t\t\t<img decoding=\"async\" width=\"2000\" height=\"1500\" src=\"https:\/\/cotacreativa.es\/wp-content\/uploads\/2025\/11\/Espais-comercials-Espacio-de-exposicion-Boehlerit-Vilassar-de-Dalt-3.jpg\" class=\"attachment-full size-full wp-image-23296\" alt=\"\" srcset=\"https:\/\/cotacreativa.es\/wp-content\/uploads\/2025\/11\/Espais-comercials-Espacio-de-exposicion-Boehlerit-Vilassar-de-Dalt-3.jpg 2000w, https:\/\/cotacreativa.es\/wp-content\/uploads\/2025\/11\/Espais-comercials-Espacio-de-exposicion-Boehlerit-Vilassar-de-Dalt-3-300x225.jpg 300w, https:\/\/cotacreativa.es\/wp-content\/uploads\/2025\/11\/Espais-comercials-Espacio-de-exposicion-Boehlerit-Vilassar-de-Dalt-3-1024x768.jpg 1024w, https:\/\/cotacreativa.es\/wp-content\/uploads\/2025\/11\/Espais-comercials-Espacio-de-exposicion-Boehlerit-Vilassar-de-Dalt-3-768x576.jpg 768w, https:\/\/cotacreativa.es\/wp-content\/uploads\/2025\/11\/Espais-comercials-Espacio-de-exposicion-Boehlerit-Vilassar-de-Dalt-3-1536x1152.jpg 1536w, https:\/\/cotacreativa.es\/wp-content\/uploads\/2025\/11\/Espais-comercials-Espacio-de-exposicion-Boehlerit-Vilassar-de-Dalt-3-600x450.jpg 600w\" sizes=\"(max-width: 2000px) 100vw, 2000px\" \/>\t\t<\/div>\n\t\t\t\t<div class=\"elementor-portfolio-item__overlay\">\n\t\t\t\t<h3 class=\"elementor-portfolio-item__title\">\n\t\tBoehlerit\t\t<\/h3>\n\t\t\t\t<\/div>\n\t\t\t\t<\/a>\n\t\t<\/article>\n\t\t\t\t<article class=\"elementor-portfolio-item elementor-post elementor-filter-28 post-23563 portfolio type-portfolio status-publish has-post-thumbnail hentry portfolio-types-stands-comerciales\">\n\t\t\t<a class=\"elementor-post__thumbnail__link\" href=\"https:\/\/cotacreativa.es\/ca\/portfolio-item\/costa-food-saragossa-copy\/\">\n\t\t\t\t<div class=\"elementor-portfolio-item__img elementor-post__thumbnail\">\n\t\t\t<img decoding=\"async\" width=\"2000\" height=\"1500\" src=\"https:\/\/cotacreativa.es\/wp-content\/uploads\/2025\/11\/Espais-comercials-Corner-Costa-Food-El-Corte-Ingles-Cornella-Barcelona-2.jpg\" class=\"attachment-full size-full wp-image-23290\" alt=\"\" srcset=\"https:\/\/cotacreativa.es\/wp-content\/uploads\/2025\/11\/Espais-comercials-Corner-Costa-Food-El-Corte-Ingles-Cornella-Barcelona-2.jpg 2000w, https:\/\/cotacreativa.es\/wp-content\/uploads\/2025\/11\/Espais-comercials-Corner-Costa-Food-El-Corte-Ingles-Cornella-Barcelona-2-300x225.jpg 300w, https:\/\/cotacreativa.es\/wp-content\/uploads\/2025\/11\/Espais-comercials-Corner-Costa-Food-El-Corte-Ingles-Cornella-Barcelona-2-1024x768.jpg 1024w, https:\/\/cotacreativa.es\/wp-content\/uploads\/2025\/11\/Espais-comercials-Corner-Costa-Food-El-Corte-Ingles-Cornella-Barcelona-2-768x576.jpg 768w, https:\/\/cotacreativa.es\/wp-content\/uploads\/2025\/11\/Espais-comercials-Corner-Costa-Food-El-Corte-Ingles-Cornella-Barcelona-2-1536x1152.jpg 1536w, https:\/\/cotacreativa.es\/wp-content\/uploads\/2025\/11\/Espais-comercials-Corner-Costa-Food-El-Corte-Ingles-Cornella-Barcelona-2-600x450.jpg 600w\" sizes=\"(max-width: 2000px) 100vw, 2000px\" \/>\t\t<\/div>\n\t\t\t\t<div class=\"elementor-portfolio-item__overlay\">\n\t\t\t\t<h3 class=\"elementor-portfolio-item__title\">\n\t\tCosta Food\t\t<\/h3>\n\t\t\t\t<\/div>\n\t\t\t\t<\/a>\n\t\t<\/article>\n\t\t\t\t<article class=\"elementor-portfolio-item elementor-post elementor-filter-28 post-24047 portfolio type-portfolio status-publish has-post-thumbnail hentry portfolio-types-stands-comerciales\">\n\t\t\t<a class=\"elementor-post__thumbnail__link\" href=\"https:\/\/cotacreativa.es\/ca\/portfolio-item\/costa-food-saragossa\/\">\n\t\t\t\t<div class=\"elementor-portfolio-item__img elementor-post__thumbnail\">\n\t\t\t<img loading=\"lazy\" decoding=\"async\" width=\"1000\" height=\"750\" src=\"https:\/\/cotacreativa.es\/wp-content\/uploads\/2025\/10\/Costa-Food5.jpg\" class=\"attachment-full size-full wp-image-22136\" alt=\"\" srcset=\"https:\/\/cotacreativa.es\/wp-content\/uploads\/2025\/10\/Costa-Food5.jpg 1000w, https:\/\/cotacreativa.es\/wp-content\/uploads\/2025\/10\/Costa-Food5-300x225.jpg 300w, https:\/\/cotacreativa.es\/wp-content\/uploads\/2025\/10\/Costa-Food5-768x576.jpg 768w, https:\/\/cotacreativa.es\/wp-content\/uploads\/2025\/10\/Costa-Food5-600x450.jpg 600w\" sizes=\"(max-width: 1000px) 100vw, 1000px\" \/>\t\t<\/div>\n\t\t\t\t<div class=\"elementor-portfolio-item__overlay\">\n\t\t\t\t<h3 class=\"elementor-portfolio-item__title\">\n\t\tCosta Food\t\t<\/h3>\n\t\t\t\t<\/div>\n\t\t\t\t<\/a>\n\t\t<\/article>\n\t\t\t\t<\/div>\n\t\t\t\t\t\t<\/div>\n\t\t\t\t<\/div>\n\t\t\t\t\t<\/div>\n\t\t\t\t<\/div>\n\t\t\t\t<\/div>\n\t\t","protected":false},"excerpt":{"rendered":"<p>Espais comercials A Cota Creativa convertim les seves idees en espais reals, \u00fanics i funcionals.El nostre servei integral abasta des de la proposta creativa fins al muntatge final aen fira o punt de venda, amb una atenci\u00f3 cont\u00ednua en cada&#8230;<\/p>\n","protected":false},"author":2,"featured_media":0,"parent":0,"menu_order":0,"comment_status":"closed","ping_status":"closed","template":"","meta":{"footnotes":""},"class_list":["post-23504","page","type-page","status-publish","hentry"],"yoast_head":"<!-- This site is optimized with the Yoast SEO plugin v27.0 - https:\/\/yoast.com\/product\/yoast-seo-wordpress\/ -->\n<title>Espais comercials - Cotacreativa<\/title>\n<meta name=\"robots\" content=\"index, follow, max-snippet:-1, max-image-preview:large, max-video-preview:-1\" \/>\n<link rel=\"canonical\" href=\"https:\/\/cotacreativa.es\/ca\/espacios-comerciales\/\" \/>\n<meta property=\"og:locale\" content=\"ca_ES\" \/>\n<meta property=\"og:type\" content=\"article\" \/>\n<meta property=\"og:title\" content=\"Espais comercials - Cotacreativa\" \/>\n<meta property=\"og:description\" content=\"Espais comercials A Cota Creativa convertim les seves idees en espais reals, \u00fanics i funcionals.El nostre servei integral abasta des de la proposta creativa fins al muntatge final aen fira o punt de venda, amb una atenci\u00f3 cont\u00ednua en cada...\" \/>\n<meta property=\"og:url\" content=\"https:\/\/cotacreativa.es\/ca\/espacios-comerciales\/\" \/>\n<meta property=\"og:site_name\" content=\"Cotacreativa\" \/>\n<meta property=\"article:modified_time\" content=\"2026-01-27T10:53:53+00:00\" \/>\n<meta name=\"twitter:card\" content=\"summary_large_image\" \/>\n<script type=\"application\/ld+json\" class=\"yoast-schema-graph\">{\"@context\":\"https:\/\/schema.org\",\"@graph\":[{\"@type\":\"WebPage\",\"@id\":\"https:\/\/cotacreativa.es\/ca\/espacios-comerciales\/\",\"url\":\"https:\/\/cotacreativa.es\/ca\/espacios-comerciales\/\",\"name\":\"Espais comercials - Cotacreativa\",\"isPartOf\":{\"@id\":\"https:\/\/cotacreativa.es\/#website\"},\"datePublished\":\"2025-10-06T14:57:24+00:00\",\"dateModified\":\"2026-01-27T10:53:53+00:00\",\"breadcrumb\":{\"@id\":\"https:\/\/cotacreativa.es\/ca\/espacios-comerciales\/#breadcrumb\"},\"inLanguage\":\"ca\",\"potentialAction\":[{\"@type\":\"ReadAction\",\"target\":[\"https:\/\/cotacreativa.es\/ca\/espacios-comerciales\/\"]}]},{\"@type\":\"BreadcrumbList\",\"@id\":\"https:\/\/cotacreativa.es\/ca\/espacios-comerciales\/#breadcrumb\",\"itemListElement\":[{\"@type\":\"ListItem\",\"position\":1,\"name\":\"Portada\",\"item\":\"https:\/\/cotacreativa.es\/\"},{\"@type\":\"ListItem\",\"position\":2,\"name\":\"Espais comercials\"}]},{\"@type\":\"WebSite\",\"@id\":\"https:\/\/cotacreativa.es\/#website\",\"url\":\"https:\/\/cotacreativa.es\/\",\"name\":\"Cotacreativa\",\"description\":\"Construcci\u00f3n y montaje de stands y espacios comerciales\",\"potentialAction\":[{\"@type\":\"SearchAction\",\"target\":{\"@type\":\"EntryPoint\",\"urlTemplate\":\"https:\/\/cotacreativa.es\/?s={search_term_string}\"},\"query-input\":{\"@type\":\"PropertyValueSpecification\",\"valueRequired\":true,\"valueName\":\"search_term_string\"}}],\"inLanguage\":\"ca\"}]}<\/script>\n<!-- \/ Yoast SEO plugin. -->","yoast_head_json":{"title":"Espais comercials - Cotacreativa","robots":{"index":"index","follow":"follow","max-snippet":"max-snippet:-1","max-image-preview":"max-image-preview:large","max-video-preview":"max-video-preview:-1"},"canonical":"https:\/\/cotacreativa.es\/ca\/espacios-comerciales\/","og_locale":"ca_ES","og_type":"article","og_title":"Espais comercials - Cotacreativa","og_description":"Espais comercials A Cota Creativa convertim les seves idees en espais reals, \u00fanics i funcionals.El nostre servei integral abasta des de la proposta creativa fins al muntatge final aen fira o punt de venda, amb una atenci\u00f3 cont\u00ednua en cada...","og_url":"https:\/\/cotacreativa.es\/ca\/espacios-comerciales\/","og_site_name":"Cotacreativa","article_modified_time":"2026-01-27T10:53:53+00:00","twitter_card":"summary_large_image","schema":{"@context":"https:\/\/schema.org","@graph":[{"@type":"WebPage","@id":"https:\/\/cotacreativa.es\/ca\/espacios-comerciales\/","url":"https:\/\/cotacreativa.es\/ca\/espacios-comerciales\/","name":"Espais comercials - Cotacreativa","isPartOf":{"@id":"https:\/\/cotacreativa.es\/#website"},"datePublished":"2025-10-06T14:57:24+00:00","dateModified":"2026-01-27T10:53:53+00:00","breadcrumb":{"@id":"https:\/\/cotacreativa.es\/ca\/espacios-comerciales\/#breadcrumb"},"inLanguage":"ca","potentialAction":[{"@type":"ReadAction","target":["https:\/\/cotacreativa.es\/ca\/espacios-comerciales\/"]}]},{"@type":"BreadcrumbList","@id":"https:\/\/cotacreativa.es\/ca\/espacios-comerciales\/#breadcrumb","itemListElement":[{"@type":"ListItem","position":1,"name":"Portada","item":"https:\/\/cotacreativa.es\/"},{"@type":"ListItem","position":2,"name":"Espais comercials"}]},{"@type":"WebSite","@id":"https:\/\/cotacreativa.es\/#website","url":"https:\/\/cotacreativa.es\/","name":"Cotacreativa","description":"Construcci\u00f3n y montaje de stands y espacios comerciales","potentialAction":[{"@type":"SearchAction","target":{"@type":"EntryPoint","urlTemplate":"https:\/\/cotacreativa.es\/?s={search_term_string}"},"query-input":{"@type":"PropertyValueSpecification","valueRequired":true,"valueName":"search_term_string"}}],"inLanguage":"ca"}]}},"_links":{"self":[{"href":"https:\/\/cotacreativa.es\/ca\/wp-json\/wp\/v2\/pages\/23504","targetHints":{"allow":["GET"]}}],"collection":[{"href":"https:\/\/cotacreativa.es\/ca\/wp-json\/wp\/v2\/pages"}],"about":[{"href":"https:\/\/cotacreativa.es\/ca\/wp-json\/wp\/v2\/types\/page"}],"author":[{"embeddable":true,"href":"https:\/\/cotacreativa.es\/ca\/wp-json\/wp\/v2\/users\/2"}],"replies":[{"embeddable":true,"href":"https:\/\/cotacreativa.es\/ca\/wp-json\/wp\/v2\/comments?post=23504"}],"version-history":[{"count":14,"href":"https:\/\/cotacreativa.es\/ca\/wp-json\/wp\/v2\/pages\/23504\/revisions"}],"predecessor-version":[{"id":25892,"href":"https:\/\/cotacreativa.es\/ca\/wp-json\/wp\/v2\/pages\/23504\/revisions\/25892"}],"wp:attachment":[{"href":"https:\/\/cotacreativa.es\/ca\/wp-json\/wp\/v2\/media?parent=23504"}],"curies":[{"name":"wp","href":"https:\/\/api.w.org\/{rel}","templated":true}]}}