{"id":23528,"date":"2025-10-07T10:56:04","date_gmt":"2025-10-07T08:56:04","guid":{"rendered":"https:\/\/cotacreativa.es\/quienes-somos\/"},"modified":"2026-01-27T18:00:09","modified_gmt":"2026-01-27T17:00:09","slug":"quienes-somos","status":"publish","type":"page","link":"https:\/\/cotacreativa.es\/ca\/quienes-somos\/","title":{"rendered":"Qui Som"},"content":{"rendered":"\t\t<div data-elementor-type=\"wp-page\" data-elementor-id=\"23528\" class=\"elementor elementor-23528 elementor-15567\" data-elementor-post-type=\"page\">\n\t\t\t\t<div class=\"elementor-element elementor-element-4076ed2c e-flex e-con-boxed e-con e-parent\" data-id=\"4076ed2c\" data-element_type=\"container\" data-settings=\"{&quot;background_background&quot;:&quot;classic&quot;}\">\n\t\t\t\t\t<div class=\"e-con-inner\">\n\t\t\t\t<div class=\"elementor-element elementor-element-14071639 elementor-widget elementor-widget-heading\" data-id=\"14071639\" data-element_type=\"widget\" data-widget_type=\"heading.default\">\n\t\t\t\t<div class=\"elementor-widget-container\">\n\t\t\t\t\t<h3 class=\"elementor-heading-title elementor-size-default\">Qui som<\/h3>\t\t\t\t<\/div>\n\t\t\t\t<\/div>\n\t\t\t\t\t<\/div>\n\t\t\t\t<\/div>\n\t\t<div class=\"elementor-element elementor-element-e7ae8dd e-flex e-con-boxed e-con e-parent\" data-id=\"e7ae8dd\" data-element_type=\"container\">\n\t\t\t\t\t<div class=\"e-con-inner\">\n\t\t\t\t<div class=\"elementor-element elementor-element-1da968ec elementor-widget elementor-widget-text-editor\" data-id=\"1da968ec\" data-element_type=\"widget\" data-widget_type=\"text-editor.default\">\n\t\t\t\t<div class=\"elementor-widget-container\">\n\t\t\t\t\t\t\t\t\t<p style=\"font-weight: 400;\">Amb 35 anys de traject\u00f2ria, Cota Creativa \u00e9s una empresa referent en la creaci\u00f3 d\u2019estands i espais comercials.<\/p><p style=\"font-weight: 400;\">Hem treballat amb companyies de tots els sectors, en projectes tant locals com internacionals. El nostre comprom\u00eds amb la innovaci\u00f3, l\u2019efic\u00e0cia i la qualitat ens ha perm\u00e8s cr\u00e9ixer al costat dels nostres clients.<\/p><p><strong>Qu\u00e8 ens diferencia<\/strong><\/p>\t\t\t\t\t\t\t\t<\/div>\n\t\t\t\t<\/div>\n\t\t\t\t<div class=\"elementor-element elementor-element-ca27a4c elementor-icon-list--layout-traditional elementor-list-item-link-full_width elementor-widget elementor-widget-icon-list\" data-id=\"ca27a4c\" data-element_type=\"widget\" data-widget_type=\"icon-list.default\">\n\t\t\t\t<div class=\"elementor-widget-container\">\n\t\t\t\t\t\t\t<ul class=\"elementor-icon-list-items\">\n\t\t\t\t\t\t\t<li class=\"elementor-icon-list-item\">\n\t\t\t\t\t\t\t\t\t\t\t<span class=\"elementor-icon-list-icon\">\n\t\t\t\t\t\t\t<svg aria-hidden=\"true\" class=\"e-font-icon-svg e-fas-check\" viewBox=\"0 0 512 512\" xmlns=\"http:\/\/www.w3.org\/2000\/svg\"><path d=\"M173.898 439.404l-166.4-166.4c-9.997-9.997-9.997-26.206 0-36.204l36.203-36.204c9.997-9.998 26.207-9.998 36.204 0L192 312.69 432.095 72.596c9.997-9.997 26.207-9.997 36.204 0l36.203 36.204c9.997 9.997 9.997 26.206 0 36.204l-294.4 294.401c-9.998 9.997-26.207 9.997-36.204-.001z\"><\/path><\/svg>\t\t\t\t\t\t<\/span>\n\t\t\t\t\t\t\t\t\t\t<span class=\"elementor-icon-list-text\">Tracte directe i personalitzat<\/span>\n\t\t\t\t\t\t\t\t\t<\/li>\n\t\t\t\t\t\t\t\t<li class=\"elementor-icon-list-item\">\n\t\t\t\t\t\t\t\t\t\t\t<span class=\"elementor-icon-list-icon\">\n\t\t\t\t\t\t\t<svg aria-hidden=\"true\" class=\"e-font-icon-svg e-fas-check\" viewBox=\"0 0 512 512\" xmlns=\"http:\/\/www.w3.org\/2000\/svg\"><path d=\"M173.898 439.404l-166.4-166.4c-9.997-9.997-9.997-26.206 0-36.204l36.203-36.204c9.997-9.998 26.207-9.998 36.204 0L192 312.69 432.095 72.596c9.997-9.997 26.207-9.997 36.204 0l36.203 36.204c9.997 9.997 9.997 26.206 0 36.204l-294.4 294.401c-9.998 9.997-26.207 9.997-36.204-.001z\"><\/path><\/svg>\t\t\t\t\t\t<\/span>\n\t\t\t\t\t\t\t\t\t\t<span class=\"elementor-icon-list-text\">Solucions a mida<\/span>\n\t\t\t\t\t\t\t\t\t<\/li>\n\t\t\t\t\t\t\t\t<li class=\"elementor-icon-list-item\">\n\t\t\t\t\t\t\t\t\t\t\t<span class=\"elementor-icon-list-icon\">\n\t\t\t\t\t\t\t<svg aria-hidden=\"true\" class=\"e-font-icon-svg e-fas-check\" viewBox=\"0 0 512 512\" xmlns=\"http:\/\/www.w3.org\/2000\/svg\"><path d=\"M173.898 439.404l-166.4-166.4c-9.997-9.997-9.997-26.206 0-36.204l36.203-36.204c9.997-9.998 26.207-9.998 36.204 0L192 312.69 432.095 72.596c9.997-9.997 26.207-9.997 36.204 0l36.203 36.204c9.997 9.997 9.997 26.206 0 36.204l-294.4 294.401c-9.998 9.997-26.207 9.997-36.204-.001z\"><\/path><\/svg>\t\t\t\t\t\t<\/span>\n\t\t\t\t\t\t\t\t\t\t<span class=\"elementor-icon-list-text\">\u00c0mplia experi\u00e8ncia internacional<\/span>\n\t\t\t\t\t\t\t\t\t<\/li>\n\t\t\t\t\t\t\t\t<li class=\"elementor-icon-list-item\">\n\t\t\t\t\t\t\t\t\t\t\t<span class=\"elementor-icon-list-icon\">\n\t\t\t\t\t\t\t<svg aria-hidden=\"true\" class=\"e-font-icon-svg e-fas-check\" viewBox=\"0 0 512 512\" xmlns=\"http:\/\/www.w3.org\/2000\/svg\"><path d=\"M173.898 439.404l-166.4-166.4c-9.997-9.997-9.997-26.206 0-36.204l36.203-36.204c9.997-9.998 26.207-9.998 36.204 0L192 312.69 432.095 72.596c9.997-9.997 26.207-9.997 36.204 0l36.203 36.204c9.997 9.997 9.997 26.206 0 36.204l-294.4 294.401c-9.998 9.997-26.207 9.997-36.204-.001z\"><\/path><\/svg>\t\t\t\t\t\t<\/span>\n\t\t\t\t\t\t\t\t\t\t<span class=\"elementor-icon-list-text\">Producci\u00f3 pr\u00f2pia i control t\u00e8cnic<\/span>\n\t\t\t\t\t\t\t\t\t<\/li>\n\t\t\t\t\t\t\t\t<li class=\"elementor-icon-list-item\">\n\t\t\t\t\t\t\t\t\t\t\t<span class=\"elementor-icon-list-icon\">\n\t\t\t\t\t\t\t<svg aria-hidden=\"true\" class=\"e-font-icon-svg e-fas-check\" viewBox=\"0 0 512 512\" xmlns=\"http:\/\/www.w3.org\/2000\/svg\"><path d=\"M173.898 439.404l-166.4-166.4c-9.997-9.997-9.997-26.206 0-36.204l36.203-36.204c9.997-9.998 26.207-9.998 36.204 0L192 312.69 432.095 72.596c9.997-9.997 26.207-9.997 36.204 0l36.203 36.204c9.997 9.997 9.997 26.206 0 36.204l-294.4 294.401c-9.998 9.997-26.207 9.997-36.204-.001z\"><\/path><\/svg>\t\t\t\t\t\t<\/span>\n\t\t\t\t\t\t\t\t\t\t<span class=\"elementor-icon-list-text\">Resposta \u00e0gil i creativa davant imprevistos<\/span>\n\t\t\t\t\t\t\t\t\t<\/li>\n\t\t\t\t\t\t<\/ul>\n\t\t\t\t\t\t<\/div>\n\t\t\t\t<\/div>\n\t\t\t\t\t<\/div>\n\t\t\t\t<\/div>\n\t\t<div class=\"elementor-element elementor-element-4527b06 e-flex e-con-boxed e-con e-parent\" data-id=\"4527b06\" data-element_type=\"container\">\n\t\t\t\t\t<div class=\"e-con-inner\">\n\t\t\t\t<div class=\"elementor-element elementor-element-e1733b1 elementor-widget elementor-widget-text-editor\" data-id=\"e1733b1\" data-element_type=\"widget\" data-widget_type=\"text-editor.default\">\n\t\t\t\t<div class=\"elementor-widget-container\">\n\t\t\t\t\t\t\t\t\t<p><b>Els nostres clients:<\/b><\/p>\t\t\t\t\t\t\t\t<\/div>\n\t\t\t\t<\/div>\n\t\t\t\t<div class=\"elementor-element elementor-element-5e2cfb9 elementor-grid-2 elementor-grid-tablet-2 elementor-grid-mobile-1 elementor-widget elementor-widget-portfolio\" data-id=\"5e2cfb9\" data-element_type=\"widget\" data-settings=\"{&quot;masonry&quot;:&quot;yes&quot;,&quot;row_gap&quot;:{&quot;unit&quot;:&quot;px&quot;,&quot;size&quot;:24,&quot;sizes&quot;:[]},&quot;columns&quot;:&quot;2&quot;,&quot;columns_tablet&quot;:&quot;2&quot;,&quot;columns_mobile&quot;:&quot;1&quot;,&quot;item_gap&quot;:{&quot;unit&quot;:&quot;px&quot;,&quot;size&quot;:&quot;&quot;,&quot;sizes&quot;:[]}}\" data-widget_type=\"portfolio.default\">\n\t\t\t\t<div class=\"elementor-widget-container\">\n\t\t\t\t\t\t\t<div class=\"elementor-portfolio elementor-grid elementor-posts-container\">\n\t\t\t\t<article class=\"elementor-portfolio-item elementor-post  post-24091 portfolio type-portfolio status-publish has-post-thumbnail hentry portfolio-types-llistat\">\n\t\t\t<a class=\"elementor-post__thumbnail__link\" href=\"https:\/\/cotacreativa.es\/ca\/portfolio-item\/diamond\/\">\n\t\t\t\t<div class=\"elementor-portfolio-item__img elementor-post__thumbnail\">\n\t\t\t<img fetchpriority=\"high\" decoding=\"async\" width=\"1024\" height=\"768\" src=\"https:\/\/cotacreativa.es\/wp-content\/uploads\/2025\/10\/1.0-2019_11_Vet_Show_Londres_Diamond.jpeg\" class=\"attachment-full size-full wp-image-22006\" alt=\"\" srcset=\"https:\/\/cotacreativa.es\/wp-content\/uploads\/2025\/10\/1.0-2019_11_Vet_Show_Londres_Diamond.jpeg 1024w, https:\/\/cotacreativa.es\/wp-content\/uploads\/2025\/10\/1.0-2019_11_Vet_Show_Londres_Diamond-300x225.jpeg 300w, https:\/\/cotacreativa.es\/wp-content\/uploads\/2025\/10\/1.0-2019_11_Vet_Show_Londres_Diamond-768x576.jpeg 768w, https:\/\/cotacreativa.es\/wp-content\/uploads\/2025\/10\/1.0-2019_11_Vet_Show_Londres_Diamond-600x450.jpeg 600w\" sizes=\"(max-width: 1024px) 100vw, 1024px\" \/>\t\t<\/div>\n\t\t\t\t<div class=\"elementor-portfolio-item__overlay\">\n\t\t\t\t<h3 class=\"elementor-portfolio-item__title\">\n\t\tDIAMOND\t\t<\/h3>\n\t\t\t\t<\/div>\n\t\t\t\t<\/a>\n\t\t<\/article>\n\t\t\t\t<article class=\"elementor-portfolio-item elementor-post  post-24079 portfolio type-portfolio status-publish has-post-thumbnail hentry portfolio-types-llistat\">\n\t\t\t<a class=\"elementor-post__thumbnail__link\" href=\"https:\/\/cotacreativa.es\/ca\/portfolio-item\/avantor\/\">\n\t\t\t\t<div class=\"elementor-portfolio-item__img elementor-post__thumbnail\">\n\t\t\t<img decoding=\"async\" width=\"1503\" height=\"1128\" src=\"https:\/\/cotacreativa.es\/wp-content\/uploads\/2025\/10\/2.0-2024_04_Analytica_Munich_Avantor_1.jpg\" class=\"attachment-full size-full wp-image-22008\" alt=\"\" srcset=\"https:\/\/cotacreativa.es\/wp-content\/uploads\/2025\/10\/2.0-2024_04_Analytica_Munich_Avantor_1.jpg 1503w, https:\/\/cotacreativa.es\/wp-content\/uploads\/2025\/10\/2.0-2024_04_Analytica_Munich_Avantor_1-300x225.jpg 300w, https:\/\/cotacreativa.es\/wp-content\/uploads\/2025\/10\/2.0-2024_04_Analytica_Munich_Avantor_1-1024x769.jpg 1024w, https:\/\/cotacreativa.es\/wp-content\/uploads\/2025\/10\/2.0-2024_04_Analytica_Munich_Avantor_1-768x576.jpg 768w, https:\/\/cotacreativa.es\/wp-content\/uploads\/2025\/10\/2.0-2024_04_Analytica_Munich_Avantor_1-600x450.jpg 600w\" sizes=\"(max-width: 1503px) 100vw, 1503px\" \/>\t\t<\/div>\n\t\t\t\t<div class=\"elementor-portfolio-item__overlay\">\n\t\t\t\t<h3 class=\"elementor-portfolio-item__title\">\n\t\tAVANTOR\t\t<\/h3>\n\t\t\t\t<\/div>\n\t\t\t\t<\/a>\n\t\t<\/article>\n\t\t\t\t<article class=\"elementor-portfolio-item elementor-post  post-24071 portfolio type-portfolio status-publish has-post-thumbnail hentry portfolio-types-llistat\">\n\t\t\t<a class=\"elementor-post__thumbnail__link\" href=\"https:\/\/cotacreativa.es\/ca\/portfolio-item\/tognana-4\/\">\n\t\t\t\t<div class=\"elementor-portfolio-item__img elementor-post__thumbnail\">\n\t\t\t<img decoding=\"async\" width=\"559\" height=\"419\" src=\"https:\/\/cotacreativa.es\/wp-content\/uploads\/2025\/11\/2025_03_Hip_Madrid_Tognana.jpg\" class=\"attachment-full size-full wp-image-23186\" alt=\"\" srcset=\"https:\/\/cotacreativa.es\/wp-content\/uploads\/2025\/11\/2025_03_Hip_Madrid_Tognana.jpg 559w, https:\/\/cotacreativa.es\/wp-content\/uploads\/2025\/11\/2025_03_Hip_Madrid_Tognana-300x225.jpg 300w\" sizes=\"(max-width: 559px) 100vw, 559px\" \/>\t\t<\/div>\n\t\t\t\t<div class=\"elementor-portfolio-item__overlay\">\n\t\t\t\t<h3 class=\"elementor-portfolio-item__title\">\n\t\tTognana\t\t<\/h3>\n\t\t\t\t<\/div>\n\t\t\t\t<\/a>\n\t\t<\/article>\n\t\t\t\t<article class=\"elementor-portfolio-item elementor-post  post-24067 portfolio type-portfolio status-publish has-post-thumbnail hentry portfolio-types-llistat\">\n\t\t\t<a class=\"elementor-post__thumbnail__link\" href=\"https:\/\/cotacreativa.es\/ca\/portfolio-item\/cojali-7\/\">\n\t\t\t\t<div class=\"elementor-portfolio-item__img elementor-post__thumbnail\">\n\t\t\t<img loading=\"lazy\" decoding=\"async\" width=\"2560\" height=\"1920\" src=\"https:\/\/cotacreativa.es\/wp-content\/uploads\/2025\/10\/4.0-COJALI-UITP-2023-2-scaled.jpg\" class=\"attachment-full size-full wp-image-22012\" alt=\"\" srcset=\"https:\/\/cotacreativa.es\/wp-content\/uploads\/2025\/10\/4.0-COJALI-UITP-2023-2-scaled.jpg 2560w, https:\/\/cotacreativa.es\/wp-content\/uploads\/2025\/10\/4.0-COJALI-UITP-2023-2-300x225.jpg 300w, https:\/\/cotacreativa.es\/wp-content\/uploads\/2025\/10\/4.0-COJALI-UITP-2023-2-1024x768.jpg 1024w, https:\/\/cotacreativa.es\/wp-content\/uploads\/2025\/10\/4.0-COJALI-UITP-2023-2-768x576.jpg 768w, https:\/\/cotacreativa.es\/wp-content\/uploads\/2025\/10\/4.0-COJALI-UITP-2023-2-1536x1152.jpg 1536w, https:\/\/cotacreativa.es\/wp-content\/uploads\/2025\/10\/4.0-COJALI-UITP-2023-2-2048x1536.jpg 2048w, https:\/\/cotacreativa.es\/wp-content\/uploads\/2025\/10\/4.0-COJALI-UITP-2023-2-600x450.jpg 600w\" sizes=\"(max-width: 2560px) 100vw, 2560px\" \/>\t\t<\/div>\n\t\t\t\t<div class=\"elementor-portfolio-item__overlay\">\n\t\t\t\t<h3 class=\"elementor-portfolio-item__title\">\n\t\tCojali\t\t<\/h3>\n\t\t\t\t<\/div>\n\t\t\t\t<\/a>\n\t\t<\/article>\n\t\t\t\t<article class=\"elementor-portfolio-item elementor-post  post-24063 portfolio type-portfolio status-publish has-post-thumbnail hentry portfolio-types-llistat\">\n\t\t\t<a class=\"elementor-post__thumbnail__link\" href=\"https:\/\/cotacreativa.es\/ca\/portfolio-item\/jema-3\/\">\n\t\t\t\t<div class=\"elementor-portfolio-item__img elementor-post__thumbnail\">\n\t\t\t<img loading=\"lazy\" decoding=\"async\" width=\"559\" height=\"419\" src=\"https:\/\/cotacreativa.es\/wp-content\/uploads\/2025\/11\/jema.jpg\" class=\"attachment-full size-full wp-image-23136\" alt=\"\" srcset=\"https:\/\/cotacreativa.es\/wp-content\/uploads\/2025\/11\/jema.jpg 559w, https:\/\/cotacreativa.es\/wp-content\/uploads\/2025\/11\/jema-300x225.jpg 300w\" sizes=\"(max-width: 559px) 100vw, 559px\" \/>\t\t<\/div>\n\t\t\t\t<div class=\"elementor-portfolio-item__overlay\">\n\t\t\t\t<h3 class=\"elementor-portfolio-item__title\">\n\t\tJema\t\t<\/h3>\n\t\t\t\t<\/div>\n\t\t\t\t<\/a>\n\t\t<\/article>\n\t\t\t\t<article class=\"elementor-portfolio-item elementor-post  post-24059 portfolio type-portfolio status-publish has-post-thumbnail hentry portfolio-types-llistat\">\n\t\t\t<a class=\"elementor-post__thumbnail__link\" href=\"https:\/\/cotacreativa.es\/ca\/portfolio-item\/efficold\/\">\n\t\t\t\t<div class=\"elementor-portfolio-item__img elementor-post__thumbnail\">\n\t\t\t<img loading=\"lazy\" decoding=\"async\" width=\"559\" height=\"419\" src=\"https:\/\/cotacreativa.es\/wp-content\/uploads\/2025\/11\/efficold.jpg\" class=\"attachment-full size-full wp-image-23140\" alt=\"\" srcset=\"https:\/\/cotacreativa.es\/wp-content\/uploads\/2025\/11\/efficold.jpg 559w, https:\/\/cotacreativa.es\/wp-content\/uploads\/2025\/11\/efficold-300x225.jpg 300w\" sizes=\"(max-width: 559px) 100vw, 559px\" \/>\t\t<\/div>\n\t\t\t\t<div class=\"elementor-portfolio-item__overlay\">\n\t\t\t\t<h3 class=\"elementor-portfolio-item__title\">\n\t\tEfficold\t\t<\/h3>\n\t\t\t\t<\/div>\n\t\t\t\t<\/a>\n\t\t<\/article>\n\t\t\t\t<article class=\"elementor-portfolio-item elementor-post  post-24055 portfolio type-portfolio status-publish has-post-thumbnail hentry portfolio-types-llistat\">\n\t\t\t<a class=\"elementor-post__thumbnail__link\" href=\"https:\/\/cotacreativa.es\/ca\/portfolio-item\/costa-food-5\/\">\n\t\t\t\t<div class=\"elementor-portfolio-item__img elementor-post__thumbnail\">\n\t\t\t<img loading=\"lazy\" decoding=\"async\" width=\"559\" height=\"419\" src=\"https:\/\/cotacreativa.es\/wp-content\/uploads\/2025\/11\/7.0-2024_03_Alimentaria_Barcelona_Costafood_4_2-1.jpg\" class=\"attachment-full size-full wp-image-23126\" alt=\"\" srcset=\"https:\/\/cotacreativa.es\/wp-content\/uploads\/2025\/11\/7.0-2024_03_Alimentaria_Barcelona_Costafood_4_2-1.jpg 559w, https:\/\/cotacreativa.es\/wp-content\/uploads\/2025\/11\/7.0-2024_03_Alimentaria_Barcelona_Costafood_4_2-1-300x225.jpg 300w\" sizes=\"(max-width: 559px) 100vw, 559px\" \/>\t\t<\/div>\n\t\t\t\t<div class=\"elementor-portfolio-item__overlay\">\n\t\t\t\t<h3 class=\"elementor-portfolio-item__title\">\n\t\tCosta Food\t\t<\/h3>\n\t\t\t\t<\/div>\n\t\t\t\t<\/a>\n\t\t<\/article>\n\t\t\t\t<article class=\"elementor-portfolio-item elementor-post  post-24051 portfolio type-portfolio status-publish has-post-thumbnail hentry portfolio-types-llistat\">\n\t\t\t<a class=\"elementor-post__thumbnail__link\" href=\"https:\/\/cotacreativa.es\/ca\/portfolio-item\/epitech-4\/\">\n\t\t\t\t<div class=\"elementor-portfolio-item__img elementor-post__thumbnail\">\n\t\t\t<img loading=\"lazy\" decoding=\"async\" width=\"559\" height=\"419\" src=\"https:\/\/cotacreativa.es\/wp-content\/uploads\/2025\/10\/epitech2.jpg\" class=\"attachment-full size-full wp-image-23144\" alt=\"\" srcset=\"https:\/\/cotacreativa.es\/wp-content\/uploads\/2025\/10\/epitech2.jpg 559w, https:\/\/cotacreativa.es\/wp-content\/uploads\/2025\/10\/epitech2-300x225.jpg 300w\" sizes=\"(max-width: 559px) 100vw, 559px\" \/>\t\t<\/div>\n\t\t\t\t<div class=\"elementor-portfolio-item__overlay\">\n\t\t\t\t<h3 class=\"elementor-portfolio-item__title\">\n\t\tEpitech\t\t<\/h3>\n\t\t\t\t<\/div>\n\t\t\t\t<\/a>\n\t\t<\/article>\n\t\t\t\t<\/div>\n\t\t\t\t\t\t<\/div>\n\t\t\t\t<\/div>\n\t\t\t\t\t<\/div>\n\t\t\t\t<\/div>\n\t\t\t\t<\/div>\n\t\t","protected":false},"excerpt":{"rendered":"<p>Qui som Amb 35 anys de traject\u00f2ria, Cota Creativa \u00e9s una empresa referent en la creaci\u00f3 d\u2019estands i espais comercials. Hem treballat amb companyies de tots els sectors, en projectes tant locals com internacionals. El nostre comprom\u00eds amb la innovaci\u00f3,&#8230;<\/p>\n","protected":false},"author":2,"featured_media":0,"parent":0,"menu_order":0,"comment_status":"closed","ping_status":"closed","template":"","meta":{"footnotes":""},"class_list":["post-23528","page","type-page","status-publish","hentry"],"yoast_head":"<!-- This site is optimized with the Yoast SEO plugin v27.0 - https:\/\/yoast.com\/product\/yoast-seo-wordpress\/ -->\n<title>Qui Som - Cotacreativa<\/title>\n<meta name=\"robots\" content=\"index, follow, max-snippet:-1, max-image-preview:large, max-video-preview:-1\" \/>\n<link rel=\"canonical\" href=\"https:\/\/cotacreativa.es\/quienes-somos\/\" \/>\n<meta property=\"og:locale\" content=\"ca_ES\" \/>\n<meta property=\"og:type\" content=\"article\" \/>\n<meta property=\"og:title\" content=\"Qui Som - Cotacreativa\" \/>\n<meta property=\"og:description\" content=\"Qui som Amb 35 anys de traject\u00f2ria, Cota Creativa \u00e9s una empresa referent en la creaci\u00f3 d\u2019estands i espais comercials. Hem treballat amb companyies de tots els sectors, en projectes tant locals com internacionals. El nostre comprom\u00eds amb la innovaci\u00f3,...\" \/>\n<meta property=\"og:url\" content=\"https:\/\/cotacreativa.es\/quienes-somos\/\" \/>\n<meta property=\"og:site_name\" content=\"Cotacreativa\" \/>\n<meta property=\"article:modified_time\" content=\"2026-01-27T17:00:09+00:00\" \/>\n<meta name=\"twitter:card\" content=\"summary_large_image\" \/>\n<script type=\"application\/ld+json\" class=\"yoast-schema-graph\">{\"@context\":\"https:\/\/schema.org\",\"@graph\":[{\"@type\":\"WebPage\",\"@id\":\"https:\/\/cotacreativa.es\/quienes-somos\/\",\"url\":\"https:\/\/cotacreativa.es\/quienes-somos\/\",\"name\":\"Qui Som - Cotacreativa\",\"isPartOf\":{\"@id\":\"https:\/\/cotacreativa.es\/#website\"},\"datePublished\":\"2025-10-07T08:56:04+00:00\",\"dateModified\":\"2026-01-27T17:00:09+00:00\",\"breadcrumb\":{\"@id\":\"https:\/\/cotacreativa.es\/quienes-somos\/#breadcrumb\"},\"inLanguage\":\"ca\",\"potentialAction\":[{\"@type\":\"ReadAction\",\"target\":[\"https:\/\/cotacreativa.es\/quienes-somos\/\"]}]},{\"@type\":\"BreadcrumbList\",\"@id\":\"https:\/\/cotacreativa.es\/quienes-somos\/#breadcrumb\",\"itemListElement\":[{\"@type\":\"ListItem\",\"position\":1,\"name\":\"Portada\",\"item\":\"https:\/\/cotacreativa.es\/\"},{\"@type\":\"ListItem\",\"position\":2,\"name\":\"Qui Som\"}]},{\"@type\":\"WebSite\",\"@id\":\"https:\/\/cotacreativa.es\/#website\",\"url\":\"https:\/\/cotacreativa.es\/\",\"name\":\"Cotacreativa\",\"description\":\"Construcci\u00f3n y montaje de stands y espacios comerciales\",\"potentialAction\":[{\"@type\":\"SearchAction\",\"target\":{\"@type\":\"EntryPoint\",\"urlTemplate\":\"https:\/\/cotacreativa.es\/?s={search_term_string}\"},\"query-input\":{\"@type\":\"PropertyValueSpecification\",\"valueRequired\":true,\"valueName\":\"search_term_string\"}}],\"inLanguage\":\"ca\"}]}<\/script>\n<!-- \/ Yoast SEO plugin. -->","yoast_head_json":{"title":"Qui Som - Cotacreativa","robots":{"index":"index","follow":"follow","max-snippet":"max-snippet:-1","max-image-preview":"max-image-preview:large","max-video-preview":"max-video-preview:-1"},"canonical":"https:\/\/cotacreativa.es\/quienes-somos\/","og_locale":"ca_ES","og_type":"article","og_title":"Qui Som - Cotacreativa","og_description":"Qui som Amb 35 anys de traject\u00f2ria, Cota Creativa \u00e9s una empresa referent en la creaci\u00f3 d\u2019estands i espais comercials. Hem treballat amb companyies de tots els sectors, en projectes tant locals com internacionals. El nostre comprom\u00eds amb la innovaci\u00f3,...","og_url":"https:\/\/cotacreativa.es\/quienes-somos\/","og_site_name":"Cotacreativa","article_modified_time":"2026-01-27T17:00:09+00:00","twitter_card":"summary_large_image","schema":{"@context":"https:\/\/schema.org","@graph":[{"@type":"WebPage","@id":"https:\/\/cotacreativa.es\/quienes-somos\/","url":"https:\/\/cotacreativa.es\/quienes-somos\/","name":"Qui Som - Cotacreativa","isPartOf":{"@id":"https:\/\/cotacreativa.es\/#website"},"datePublished":"2025-10-07T08:56:04+00:00","dateModified":"2026-01-27T17:00:09+00:00","breadcrumb":{"@id":"https:\/\/cotacreativa.es\/quienes-somos\/#breadcrumb"},"inLanguage":"ca","potentialAction":[{"@type":"ReadAction","target":["https:\/\/cotacreativa.es\/quienes-somos\/"]}]},{"@type":"BreadcrumbList","@id":"https:\/\/cotacreativa.es\/quienes-somos\/#breadcrumb","itemListElement":[{"@type":"ListItem","position":1,"name":"Portada","item":"https:\/\/cotacreativa.es\/"},{"@type":"ListItem","position":2,"name":"Qui Som"}]},{"@type":"WebSite","@id":"https:\/\/cotacreativa.es\/#website","url":"https:\/\/cotacreativa.es\/","name":"Cotacreativa","description":"Construcci\u00f3n y montaje de stands y espacios comerciales","potentialAction":[{"@type":"SearchAction","target":{"@type":"EntryPoint","urlTemplate":"https:\/\/cotacreativa.es\/?s={search_term_string}"},"query-input":{"@type":"PropertyValueSpecification","valueRequired":true,"valueName":"search_term_string"}}],"inLanguage":"ca"}]}},"_links":{"self":[{"href":"https:\/\/cotacreativa.es\/ca\/wp-json\/wp\/v2\/pages\/23528","targetHints":{"allow":["GET"]}}],"collection":[{"href":"https:\/\/cotacreativa.es\/ca\/wp-json\/wp\/v2\/pages"}],"about":[{"href":"https:\/\/cotacreativa.es\/ca\/wp-json\/wp\/v2\/types\/page"}],"author":[{"embeddable":true,"href":"https:\/\/cotacreativa.es\/ca\/wp-json\/wp\/v2\/users\/2"}],"replies":[{"embeddable":true,"href":"https:\/\/cotacreativa.es\/ca\/wp-json\/wp\/v2\/comments?post=23528"}],"version-history":[{"count":8,"href":"https:\/\/cotacreativa.es\/ca\/wp-json\/wp\/v2\/pages\/23528\/revisions"}],"predecessor-version":[{"id":26436,"href":"https:\/\/cotacreativa.es\/ca\/wp-json\/wp\/v2\/pages\/23528\/revisions\/26436"}],"wp:attachment":[{"href":"https:\/\/cotacreativa.es\/ca\/wp-json\/wp\/v2\/media?parent=23528"}],"curies":[{"name":"wp","href":"https:\/\/api.w.org\/{rel}","templated":true}]}}